{"id":47,"date":"2026-04-15T01:49:31","date_gmt":"2026-04-15T06:49:31","guid":{"rendered":"https:\/\/bambuestetica.shop\/pruebaanita\/?post_type=product&#038;p=47"},"modified":"2026-04-15T02:07:03","modified_gmt":"2026-04-15T07:07:03","slug":"escalibur","status":"publish","type":"product","link":"https:\/\/bambuestetica.shop\/pruebaanita\/product\/escalibur\/","title":{"rendered":"escalibur"},"content":{"rendered":"<div>\u201cLa espada del destino.\u201d<\/div>\n<div><\/div>\n<div>Forjada en tiempos antiguos y ligada al poder de los reyes, Excalibur no es una espada com\u00fan\u2026 es un s\u00edmbolo de grandeza, honor y legitimidad. Seg\u00fan la leyenda, solo quien es digno puede empu\u00f1arla.<\/div>\n<div>\u00a0Poderes:<\/div>\n<div>\u2022Otorga autoridad y liderazgo absoluto<\/div>\n<div>\u2022Aumenta la fuerza y valent\u00eda de su portador<\/div>\n<div>\u2022Protegida por magia ancestral<\/div>\n<div><\/div>\n<div>\ud83d\udc51 Ideal para:<\/div>\n<div>Verdaderos l\u00edderes, guerreros y aquellos destinados a la grandeza.<\/div>\n<div><\/div>\n<div>\u00a0\u201cNo eliges la espada\u2026 la espada te elige a ti.\u201d<\/div>\n","protected":false},"excerpt":{"rendered":"<p>\u201cLa espada del destino.\u201d Forjada en tiempos antiguos y ligada al poder de los reyes, Excalibur no es una espada com\u00fan\u2026 es un s\u00edmbolo de grandeza, honor y legitimidad. Seg\u00fan la leyenda, solo quien es digno puede empu\u00f1arla. \u00a0Poderes: \u2022Otorga autoridad y liderazgo absoluto \u2022Aumenta la fuerza y valent\u00eda de su portador \u2022Protegida por magia [&#8230;]\n","protected":false},"featured_media":37,"comment_status":"open","ping_status":"closed","template":"","meta":[],"product_brand":[],"product_cat":[20],"product_tag":[],"class_list":{"0":"post-47","1":"product","2":"type-product","3":"status-publish","4":"has-post-thumbnail","6":"product_cat-epoca-medieval","8":"first","9":"instock","10":"shipping-taxable","11":"purchasable","12":"product-type-simple"},"jetpack_sharing_enabled":true,"_links":{"self":[{"href":"https:\/\/bambuestetica.shop\/pruebaanita\/wp-json\/wp\/v2\/product\/47","targetHints":{"allow":["GET"]}}],"collection":[{"href":"https:\/\/bambuestetica.shop\/pruebaanita\/wp-json\/wp\/v2\/product"}],"about":[{"href":"https:\/\/bambuestetica.shop\/pruebaanita\/wp-json\/wp\/v2\/types\/product"}],"replies":[{"embeddable":true,"href":"https:\/\/bambuestetica.shop\/pruebaanita\/wp-json\/wp\/v2\/comments?post=47"}],"wp:featuredmedia":[{"embeddable":true,"href":"https:\/\/bambuestetica.shop\/pruebaanita\/wp-json\/wp\/v2\/media\/37"}],"wp:attachment":[{"href":"https:\/\/bambuestetica.shop\/pruebaanita\/wp-json\/wp\/v2\/media?parent=47"}],"wp:term":[{"taxonomy":"product_brand","embeddable":true,"href":"https:\/\/bambuestetica.shop\/pruebaanita\/wp-json\/wp\/v2\/product_brand?post=47"},{"taxonomy":"product_cat","embeddable":true,"href":"https:\/\/bambuestetica.shop\/pruebaanita\/wp-json\/wp\/v2\/product_cat?post=47"},{"taxonomy":"product_tag","embeddable":true,"href":"https:\/\/bambuestetica.shop\/pruebaanita\/wp-json\/wp\/v2\/product_tag?post=47"}],"curies":[{"name":"wp","href":"https:\/\/api.w.org\/{rel}","templated":true}]}}