{"id":97,"date":"2026-04-15T14:54:00","date_gmt":"2026-04-15T19:54:00","guid":{"rendered":"https:\/\/bambuestetica.shop\/pruebaanita\/?post_type=product&#038;p=97"},"modified":"2026-04-15T16:04:32","modified_gmt":"2026-04-15T21:04:32","slug":"teclado-logitech","status":"publish","type":"product","link":"https:\/\/bambuestetica.shop\/pruebaanita\/product\/teclado-logitech\/","title":{"rendered":"Teclado Logitech"},"content":{"rendered":"","protected":false},"excerpt":{"rendered":"<p><strong class=\"Yjhzub\" data-sfc-root=\"c\" data-sfc-cb=\"\" data-complete=\"true\">Logitech Multi-Device: Estilo y Libertad en tus manos.<\/strong>\u00a0Un teclado compacto, liviano y minimalista, ideal para llevar a cualquier lugar. Olv\u00eddate de los cables gracias a su conexi\u00f3n Bluetooth estable y bater\u00eda de larga duraci\u00f3n. Compatible con Windows, Mac, tablets y smartphones. \u00a1Escribe donde quieras, cuando quieras!<\/p>\n","protected":false},"featured_media":88,"comment_status":"open","ping_status":"closed","template":"","meta":[],"product_brand":[],"product_cat":[27],"product_tag":[],"class_list":{"0":"post-97","1":"product","2":"type-product","3":"status-publish","4":"has-post-thumbnail","6":"product_cat-teclados","8":"first","9":"instock","10":"sale","11":"shipping-taxable","12":"purchasable","13":"product-type-simple"},"jetpack_sharing_enabled":true,"_links":{"self":[{"href":"https:\/\/bambuestetica.shop\/pruebaanita\/wp-json\/wp\/v2\/product\/97","targetHints":{"allow":["GET"]}}],"collection":[{"href":"https:\/\/bambuestetica.shop\/pruebaanita\/wp-json\/wp\/v2\/product"}],"about":[{"href":"https:\/\/bambuestetica.shop\/pruebaanita\/wp-json\/wp\/v2\/types\/product"}],"replies":[{"embeddable":true,"href":"https:\/\/bambuestetica.shop\/pruebaanita\/wp-json\/wp\/v2\/comments?post=97"}],"wp:featuredmedia":[{"embeddable":true,"href":"https:\/\/bambuestetica.shop\/pruebaanita\/wp-json\/wp\/v2\/media\/88"}],"wp:attachment":[{"href":"https:\/\/bambuestetica.shop\/pruebaanita\/wp-json\/wp\/v2\/media?parent=97"}],"wp:term":[{"taxonomy":"product_brand","embeddable":true,"href":"https:\/\/bambuestetica.shop\/pruebaanita\/wp-json\/wp\/v2\/product_brand?post=97"},{"taxonomy":"product_cat","embeddable":true,"href":"https:\/\/bambuestetica.shop\/pruebaanita\/wp-json\/wp\/v2\/product_cat?post=97"},{"taxonomy":"product_tag","embeddable":true,"href":"https:\/\/bambuestetica.shop\/pruebaanita\/wp-json\/wp\/v2\/product_tag?post=97"}],"curies":[{"name":"wp","href":"https:\/\/api.w.org\/{rel}","templated":true}]}}